{"id":23912,"date":"2026-01-17T04:07:24","date_gmt":"2026-01-17T04:07:24","guid":{"rendered":"https:\/\/sportlab.com.vn\/?page_id=23912"},"modified":"2026-01-17T05:42:45","modified_gmt":"2026-01-17T05:42:45","slug":"membership","status":"publish","type":"page","link":"https:\/\/sportlab.com.vn\/vi\/membership\/","title":{"rendered":"Membership"},"content":{"rendered":"<div data-elementor-type=\"wp-page\" data-elementor-id=\"23912\" class=\"elementor elementor-23912\" data-elementor-post-type=\"page\">\n\t\t\t\t<div class=\"elementor-element elementor-element-6b77ad5 e-con-full e-flex wpr-particle-no wpr-jarallax-no wpr-parallax-no wpr-sticky-section-no e-con e-parent\" data-id=\"6b77ad5\" data-element_type=\"container\" data-e-type=\"container\" data-settings=\"{&quot;background_background&quot;:&quot;classic&quot;}\">\n\t\t\t\t<div class=\"elementor-element elementor-element-7b44354 elementor-widget elementor-widget-html\" data-id=\"7b44354\" data-element_type=\"widget\" data-e-type=\"widget\" data-widget_type=\"html.default\">\n\t\t\t\t<div class=\"elementor-widget-container\">\n\t\t\t\t\t<section class=\"sac-ms-wrap\">\r\n  <div class=\"sac-ms-canvas\" role=\"img\" aria-label=\"Membership poster\"\r\n       style=\"--bg:url('https:\/\/sportlab.com.vn\/wp-content\/uploads\/2026\/01\/membership-.jpg');\">\r\n\r\n    <!-- POLICY -->\r\n    <div class=\"sac-ms-t sac-ms-policy-title\">\r\n      <div class=\"sac-ms-h1\">POLICY<\/div>\r\n    <\/div>\r\n\r\n    <div class=\"sac-ms-t sac-ms-policy-body\">\r\n      The calculation is based on the total amount you have<br>\r\n      spent at S\u1eaeC in the last 12 months.<br>\r\n      Each time you make a purchase, the system will<br>\r\n      automatically record it in your Membership account<br>\r\n      using your phone number.<br><br>\r\n\r\n      When your total spending exceeds the new threshold,<br>\r\n      the system will automatically upgrade you.<br>\r\n      Your tier is maintained for<br>\r\n      12 months from the upgrade date.<br><br>\r\n\r\n      If you do not reach the corresponding<br>\r\n      spending level again in the next<br>\r\n      12 months, the system will downgrade<br>\r\n      you to a lower tier.\r\n    <\/div>\r\n\r\n    <!-- INTERESTS -->\r\n    <div class=\"sac-ms-t sac-ms-interests-title\">\r\n      <div class=\"sac-ms-h1\">INTERESTS<\/div>\r\n    <\/div>\r\n\r\n    <div class=\"sac-ms-t sac-ms-tier-left\">\r\n      <div class=\"sac-ms-sub\">S\u1eaeC: Customers spend 6<br>million VND within 12<br>months<\/div>\r\n      + Receive an extra 5%<br>\r\n      bonus on each purchase<br>\r\n      + HAPPY BIRTHDAY CODE\r\n    <\/div>\r\n\r\n    <div class=\"sac-ms-t sac-ms-tier-mid\">\r\n      <div class=\"sac-ms-sub\">S\u1eaeC pro: Spending of 20<br>million VND in the year<\/div>\r\n      + Receive an extra 10%<br>\r\n      bonus on each purchase<br>\r\n      + HAPPY BIRTHDAY CODE<br>\r\n      + Free shipping<br>\r\n      + Seasonal Gift (small)<br>\r\n      + Reserved item<br>\r\n      + New collection gift\r\n    <\/div>\r\n\r\n    <div class=\"sac-ms-t sac-ms-tier-right\">\r\n      <div class=\"sac-ms-sub\">S\u1eaeC plus: Accumulated<br>spending of 12 million VND<br>in the year<\/div>\r\n      + Receive an extra 10%<br>\r\n      bonus on each purchase<br>\r\n      + HAPPY BIRTHDAY CODE<br>\r\n      + Free shipping<br>\r\n      + Seasonal Gift (small)\r\n    <\/div>\r\n\r\n    <!-- SCOPE OF APPLICATION -->\r\n    <div class=\"sac-ms-t sac-ms-scope-title\">\r\n      <div class=\"sac-ms-h1\">SCOPE OF<\/div>\r\n      <div class=\"sac-ms-h1\">APPLICATION<\/div>\r\n    <\/div>\r\n\r\n    <div class=\"sac-ms-t sac-ms-scope-body\">\r\n      This policy applies to all orders purchased at:<br><br>\r\n      S\u1eaeC\u2019s official website<br><br>\r\n      S\u1eaeC\u2019s store: 64\/4 Tran Dinh Xu Street, Co Giang Ward, District 1, Ho Chi Minh City\r\n    <\/div>\r\n\r\n  <\/div>\r\n<\/section>\r\n\r\n<style>\r\n\/* ===== WRAP ===== *\/\r\n.sac-ms-wrap{ width:100%; }\r\n\r\n\/* ===== CANVAS (logic y h\u1ec7t b\u1ea3n CS: fullwidth ngang + ratio) ===== *\/\r\n.sac-ms-canvas{\r\n  width:100vw !important;\r\n  max-width:none !important;\r\n  height:auto !important;\r\n\r\n  aspect-ratio: 911 \/ 1775;\r\n\r\n  margin:0 !important;\r\n  position:relative !important;\r\n  left:50% !important;\r\n  transform:translateX(-50%) !important;\r\n\r\n  overflow:hidden !important;\r\n  color:#fff;\r\n  font-family:\"Helvetica Neue\", Helvetica, Arial, sans-serif;\r\n\r\n  \/* \u2705 zoom \u1ea3nh n\u1ec1n *\/\r\n  background: var(--bg) center\/cover no-repeat;\r\n  background-size: 118% auto;      \/* 110%~130% *\/\r\n  background-position: center top; \/* center center n\u1ebfu mu\u1ed1n *\/\r\n\r\n  \/* \u2705 ch\u1eef nh\u1ecf h\u01a1n (desktop) *\/\r\n  --h1: clamp(22px, 3.4vw, 56px);\r\n  --p:  clamp(10px, 0.95vw, 13px);\r\n  --sub: clamp(10px, 0.90vw, 12px);\r\n}\r\n\r\n\/* ch\u1ed1ng scroll ngang do 100vw *\/\r\nhtml,body{ overflow-x:hidden !important; }\r\n\r\n\/* ===== common ===== *\/\r\n.sac-ms-t{ position:absolute; }\r\n.sac-ms-h1{\r\n  font-weight:500;\r\n  letter-spacing:.05em;\r\n  line-height:.92;\r\n  font-size:var(--h1);\r\n  text-transform:uppercase;\r\n}\r\n.sac-ms-sub{\r\n  font-size: var(--sub);\r\n  font-weight:600;\r\n  margin-bottom: 8px;\r\n}\r\n.sac-ms-policy-body,\r\n.sac-ms-tier-left,\r\n.sac-ms-tier-mid,\r\n.sac-ms-tier-right,\r\n.sac-ms-scope-body{\r\n  font-size: var(--p);\r\n  line-height: 1.22;\r\n  letter-spacing: .01em;\r\n}\r\n\r\n\/* ===== DESKTOP POSITIONS ===== *\/\r\n.sac-ms-policy-title{ left:6.3%; top:9.2%; }\r\n.sac-ms-policy-body { left:6.8%; top:19.0%; width:46%; }\r\n\r\n.sac-ms-interests-title{ left:6.3%; top:49.8%; }\r\n\r\n.sac-ms-tier-left {  left:11.0%; top:58.5%; width:26%; }\r\n.sac-ms-tier-right{  left:56.0%; top:58.6%; width:34%; }\r\n.sac-ms-tier-mid {   left:29.0%; top:69.2%; width:33%; }\r\n\r\n.sac-ms-scope-title{ left:6.3%; top:80.0%; width:70%; }\r\n.sac-ms-scope-body { left:6.8%; top:92.2%; width:60%; }\r\n\r\n\/* =========================\r\n   TABLET: thu g\u1ecdn kho\u1ea3ng c\u00e1ch d\u1ecdc + ch\u1eef nh\u1ecf\r\n   ========================= *\/\r\n@media (max-width: 1024px){\r\n  .sac-ms-canvas{\r\n    --h1: clamp(18px, 4.0vw, 44px);\r\n    --p:  clamp(9px, 1.45vw, 12px);\r\n    --sub: clamp(9px, 1.35vw, 11.5px);\r\n    background-size: 112% auto;\r\n  }\r\n\r\n  \/* n\u00e9n line-height *\/\r\n  .sac-ms-policy-body,\r\n  .sac-ms-tier-left,\r\n  .sac-ms-tier-mid,\r\n  .sac-ms-tier-right,\r\n  .sac-ms-scope-body{ line-height: 1.12 !important; }\r\n\r\n  \/* n\u00e9n kho\u1ea3ng c\u00e1ch d\u1ecdc cho \u0111\u1ec1u *\/\r\n  .sac-ms-policy-title{ top: 8.6% !important; }\r\n  .sac-ms-policy-body { top: 16.6% !important; width:56% !important; }\r\n\r\n  .sac-ms-interests-title{ top: 45.8% !important; }\r\n\r\n  .sac-ms-tier-left { top: 53.0% !important; width:30% !important; }\r\n  .sac-ms-tier-right{ top: 53.1% !important; width:36% !important; }\r\n  .sac-ms-tier-mid  { top: 62.4% !important; width:40% !important; }\r\n\r\n  .sac-ms-scope-title{ top: 73.4% !important; width:86% !important; }\r\n  .sac-ms-scope-body { top: 84.8% !important; width:86% !important; }\r\n}\r\n\r\n\/* =========================\r\n   MOBILE: thu g\u1ecdn kho\u1ea3ng c\u00e1ch d\u1ecdc + ch\u1eef nh\u1ecf h\u01a1n\r\n   ========================= *\/\r\n@media (max-width: 767px){\r\n  .sac-ms-canvas{\r\n    --h1: clamp(12px, 3.6vw, 20px);\r\n    --p:  clamp(7px, 1.15vw, 9px);\r\n    --sub: clamp(7px, 1.10vw, 8.5px);\r\n\r\n    background-size: 118% auto;\r\n    background-position: center top;\r\n  }\r\n\r\n  .sac-ms-policy-body,\r\n  .sac-ms-tier-left,\r\n  .sac-ms-tier-mid,\r\n  .sac-ms-tier-right,\r\n  .sac-ms-scope-body{\r\n    line-height: 1.06 !important;\r\n    letter-spacing: 0 !important;\r\n  }\r\n\r\n  \/* n\u00e9n kho\u1ea3ng c\u00e1ch d\u1ecdc cho \u0111\u1ec1u *\/\r\n  .sac-ms-policy-title{ top: 7.8% !important; }\r\n  .sac-ms-policy-body { top: 15.4% !important; width:60% !important; }\r\n\r\n  .sac-ms-interests-title{ top: 43.2% !important; }\r\n\r\n  .sac-ms-tier-left {  left:9%  !important; top: 50.5% !important; width:38% !important; }\r\n  .sac-ms-tier-right{ left:50% !important; top: 50.7% !important; width:44% !important; }\r\n  .sac-ms-tier-mid  { left:22% !important; top: 59.6% !important; width:56% !important; }\r\n\r\n  .sac-ms-scope-title{ top: 69.2% !important; width:86% !important; }\r\n  .sac-ms-scope-body { top: 79.8% !important; width:86% !important; }\r\n}\r\n\/* ===== MEMBERSHIP: ch\u1ec9nh theo note (tablet + mobile) ===== *\/\r\n@media (max-width: 1024px){\r\n\r\n  \/* C\u1ea3 c\u1ee5m tr\u00ean (INTERESTS + tiers) l\u00ean 30px *\/\r\n  .sac-ms-interests-title,\r\n  .sac-ms-tier-left,\r\n  .sac-ms-tier-mid,\r\n  .sac-ms-tier-right{\r\n    transform: translateY(-30px) !important;\r\n  }\r\n\r\n  \/* Title SCOPE th\u1ea5p xu\u1ed1ng 20px *\/\r\n  .sac-ms-scope-title{\r\n    transform: translateY(20px) !important;\r\n  }\r\n}\r\n\/* =========================\r\n   MEMBERSHIP FIX: DESKTOP + TABLET\r\n   - Mobile gi\u1eef nguy\u00ean\r\n   ========================= *\/\r\n\r\n\/* 1) Desktop\/Laptop: c\u1ee5m INTERESTS l\u00ean 100px *\/\r\n@media (min-width: 1025px){\r\n  .sac-ms-interests-title,\r\n  .sac-ms-tier-left,\r\n  .sac-ms-tier-mid,\r\n  .sac-ms-tier-right{\r\n    transform: translateY(-300px) !important;\r\n  }\r\n}\r\n\r\n\/* 2) Desktop\/Laptop\/Tablet: SCOPE (title + body) l\u00ean 100px \u0111\u1ec3 kh\u00f4ng b\u1ecb m\u1ea5t n\u1ed9i dung *\/\r\n@media (min-width: 768px){\r\n  .sac-ms-scope-title,\r\n  .sac-ms-scope-body{\r\n    transform: translateY(-300px) !important;\r\n  }\r\n}\r\n\/* =========================\r\n   MEMBERSHIP \u2014 TABLET ONLY (768\u20131024)\r\n   ========================= *\/\r\n@media (min-width: 768px) and (max-width: 1024px){\r\n\r\n  \/* \u2705 SCOPE: k\u00e9o l\u00ean 100px \u0111\u1ec3 kh\u00f4ng b\u1ecb m\u1ea5t n\u1ed9i dung *\/\r\n  .sac-ms-scope-title,\r\n  .sac-ms-scope-body{\r\n    transform: translateY(-120px) !important;\r\n  }\r\n\r\n  \/* \u2705 N\u1ebfu tablet v\u1eabn c\u00f2n \u201cr\u1ee5ng\u201d kho\u1ea3ng tr\u1ed1ng \u1edf INTERESTS th\u00ec b\u1eadt d\u00f2ng d\u01b0\u1edbi\r\n     (m\u1eb7c \u0111\u1ecbnh m\u00ecnh \u0111\u1ec3 -60px cho tablet, nh\u1eb9 h\u01a1n desktop -100px) *\/\r\n  .sac-ms-interests-title,\r\n  .sac-ms-tier-left,\r\n  .sac-ms-tier-mid,\r\n  .sac-ms-tier-right{\r\n    transform: translateY(-120px) !important;\r\n  }\r\n}\r\n\/* =========================\r\n   MEMBERSHIP \u2014 ONLY SCOPE TITLE\r\n   ========================= *\/\r\n\r\n\/* TABLET: 768\u20131024 *\/\r\n@media (min-width:768px) and (max-width:1024px){\r\n  .sac-ms-scope-title{\r\n    transform: translateY(-50px) !important;\r\n  }\r\n}\r\n\r\n\/* LAPTOP: 1025\u20131366 *\/\r\n@media (min-width:1025px) and (max-width:1366px){\r\n  .sac-ms-scope-title{\r\n    transform: translateY(-180px) !important;\r\n  }\r\n}\r\n\r\n\/* DESKTOP: >=1367 *\/\r\n@media (min-width:1367px){\r\n  .sac-ms-scope-title{\r\n    transform: translateY(-130px) !important;\r\n  }\r\n}\r\n\r\n<\/style>\r\n\t\t\t\t<\/div>\n\t\t\t\t<\/div>\n\t\t\t\t<\/div>\n\t\t\t\t<\/div>","protected":false},"excerpt":{"rendered":"<p>POLICY The calculation is based on the total amount you have spent at S\u1eaeC in the last 12 months. Each time you make a purchase, the system will automatically record it in your Membership account using your phone number. When your total spending exceeds the new threshold, the system will automatically upgrade you. Your tier is maintained for 12 months from the upgrade date. If you do not reach the corresponding spending level again in the next 12 months, the system will downgrade you to a lower tier. INTERESTS S\u1eaeC: Customers spend 6million VND within 12months + Receive an extra 5% bonus on each purchase + HAPPY BIRTHDAY CODE S\u1eaeC pro: Spending of 20million VND in the year + Receive an extra 10% bonus on each purchase + HAPPY BIRTHDAY CODE + Free shipping + Seasonal Gift (small) + Reserved item + New collection gift S\u1eaeC plus: Accumulatedspending of 12 million VNDin the year + Receive an extra 10% bonus on each purchase + HAPPY BIRTHDAY CODE + Free shipping + Seasonal Gift (small) SCOPE OF APPLICATION This policy applies to all orders purchased at: S\u1eaeC\u2019s official website S\u1eaeC\u2019s store: 64\/4 Tran Dinh Xu Street, Co Giang Ward, District 1, Ho Chi Minh City<\/p>","protected":false},"author":1,"featured_media":0,"parent":0,"menu_order":0,"comment_status":"closed","ping_status":"closed","template":"elementor_canvas","meta":{"_acf_changed":false,"footnotes":""},"class_list":["post-23912","page","type-page","status-publish","hentry"],"acf":[],"_links":{"self":[{"href":"https:\/\/sportlab.com.vn\/vi\/wp-json\/wp\/v2\/pages\/23912","targetHints":{"allow":["GET"]}}],"collection":[{"href":"https:\/\/sportlab.com.vn\/vi\/wp-json\/wp\/v2\/pages"}],"about":[{"href":"https:\/\/sportlab.com.vn\/vi\/wp-json\/wp\/v2\/types\/page"}],"author":[{"embeddable":true,"href":"https:\/\/sportlab.com.vn\/vi\/wp-json\/wp\/v2\/users\/1"}],"replies":[{"embeddable":true,"href":"https:\/\/sportlab.com.vn\/vi\/wp-json\/wp\/v2\/comments?post=23912"}],"version-history":[{"count":4,"href":"https:\/\/sportlab.com.vn\/vi\/wp-json\/wp\/v2\/pages\/23912\/revisions"}],"predecessor-version":[{"id":23918,"href":"https:\/\/sportlab.com.vn\/vi\/wp-json\/wp\/v2\/pages\/23912\/revisions\/23918"}],"wp:attachment":[{"href":"https:\/\/sportlab.com.vn\/vi\/wp-json\/wp\/v2\/media?parent=23912"}],"curies":[{"name":"wp","href":"https:\/\/api.w.org\/{rel}","templated":true}]}}